{"id":9,"date":"2020-02-29T16:07:04","date_gmt":"2020-02-29T16:07:04","guid":{"rendered":"http:\/\/annusa.themezinho.net\/?page_id=9"},"modified":"2022-08-31T02:19:45","modified_gmt":"2022-08-31T02:19:45","slug":"home","status":"publish","type":"page","link":"https:\/\/grupomjanal.com\/","title":{"rendered":"Home"},"content":{"rendered":"<p>[vc_row full_width=&#8221;stretch_row_content_no_spaces&#8221; full_height=&#8221;yes&#8221; columns_placement=&#8221;stretch&#8221; content_placement=&#8221;top&#8221; parallax=&#8221;content-moving&#8221; parallax_image=&#8221;460&#8243; parallax_speed_bg=&#8221;1&#8243; css_animation=&#8221;fadeIn&#8221; anchor_wrap_section=&#8221;no&#8221; css=&#8221;.vc_custom_1661544482107{margin-right: 0px !important;margin-left: 0px !important;}&#8221;][vc_column css=&#8221;.vc_custom_1596713854007{padding-right: 0px !important;padding-left: 0px !important;}&#8221;][\/vc_column][\/vc_row][vc_row full_width=&#8221;stretch_row_content_no_spaces&#8221; anchor_wrap_section=&#8221;no&#8221; el_id=&#8221;nosotros&#8221;][vc_column css_animation=&#8221;fadeInLeft&#8221; width=&#8221;1\/2&#8243;][vc_empty_space height=&#8221;50px&#8221;][ts_icon_content_list animate_block=&#8221;yes&#8221; animation_type=&#8221;fadeIn&#8221; icon=&#8221;474&#8243; text_content=&#8221;<\/p>\n<ul>\n<li>Interface Sketches<\/li>\n<li>Illustrations<\/li>\n<li>Shapes &amp; vectors<\/li>\n<li>Figma map sources<\/li>\n<li>Photoshop files<\/li>\n<\/ul>\n<p>&#8221; animation_delay=&#8221;0.2s&#8221;]<\/p>\n<h2 style=\"color: black;\">01 &#8211; Misi\u00f3n<\/h2>\n<h4><\/h4>\n<h4 style=\"color: black;\">Somos una Empresa que ofrece servicios de calidad, con \u201cClientes Satisfechos\u201d a trav\u00e9s de colaboradores orgullosos con sentido de pertenencia, financieramente sana y trascienda a largo plazo.<\/h4>\n<p>[\/ts_icon_content_list][\/vc_column][vc_column css_animation=&#8221;fadeInRight&#8221; width=&#8221;1\/2&#8243; css=&#8221;.vc_custom_1661544912141{margin-top: 0px !important;margin-left: 0px !important;padding-right: 30px !important;padding-bottom: 100px !important;padding-left: 30px !important;background-color: #002554 !important;}&#8221;][vc_empty_space height=&#8221;50px&#8221;][ts_icon_content_list animate_block=&#8221;yes&#8221; animation_type=&#8221;fadeIn&#8221; icon=&#8221;412&#8243; text_content=&#8221;<\/p>\n<ul>\n<li>UX strategy<\/li>\n<li>Story board<\/li>\n<li>Wireframes<\/li>\n<li>Advertising strategy<\/li>\n<li>User testing<\/li>\n<\/ul>\n<p>&#8220;]<\/p>\n<h2 style=\"color: white;\">02 &#8211; Visi\u00f3n<\/h2>\n<h4 style=\"color: white;\"><\/h4>\n<h4 style=\"color: white;\">Convertirnos en una \u201cEmpresa con Servicios de Distribuci\u00f3n y Comercializaci\u00f3n Confiable\u201d de productos para farmacia y mayoristas, con orientaci\u00f3n a resultados con crecimientos constantes, a\u00f1o vs a\u00f1o en el mercado de distribuci\u00f3n farmac\u00e9utica de M\u00e9xico.<\/h4>\n<p>[\/ts_icon_content_list][\/vc_column][\/vc_row][vc_row full_width=&#8221;stretch_row_content_no_spaces&#8221; anchor_wrap_section=&#8221;no&#8221; el_id=&#8221;filosofia&#8221;][vc_column css_animation=&#8221;fadeInLeft&#8221; width=&#8221;1\/2&#8243; css=&#8221;.vc_custom_1661538362554{background-color: #002554 !important;}&#8221;][vc_column_text css=&#8221;.vc_custom_1661911785397{margin-top: 80px !important;margin-left: 110px !important;}&#8221;]<\/p>\n<h1 style=\"color: #fff;\">FILOSOF\u00cdA EMPRESARIAL<\/h1>\n<h1 style=\"color: #fff;\">Y VALORES<\/h1>\n<p>&nbsp;<\/p>\n<p><b style=\"color: #fff;\">NUESTROS CLIENTES SON LO M\u00c1S IMPORTANTE PARA NOSOTROS<\/b><\/p>\n<p>&nbsp;<\/p>\n<ul style=\"color: #fff;\">\n<li>\n<h4>PERSEVERANCIA<\/h4>\n<\/li>\n<li>\n<h4>ACTITUD<\/h4>\n<\/li>\n<li>\n<h4>EFICIENCIA<\/h4>\n<\/li>\n<li>\n<h4>CREATIVIDAD<\/h4>\n<\/li>\n<li>\n<h4>PASI\u00d3N<\/h4>\n<\/li>\n<li>\n<h4>RESPONSABILIDAD<\/h4>\n<\/li>\n<li>\n<h4>RESPETO<\/h4>\n<\/li>\n<li>\n<h4>HONESTIDAD<\/h4>\n<\/li>\n<\/ul>\n<p>[\/vc_column_text][vc_btn title=&#8221;LL\u00c1MANOS&#8221; style=&#8221;outline-custom&#8221; outline_custom_color=&#8221;#ffffff&#8221; outline_custom_hover_background=&#8221;#008abc&#8221; outline_custom_hover_text=&#8221;#ffffff&#8221; shape=&#8221;square&#8221; size=&#8221;lg&#8221; i_icon_fontawesome=&#8221;fas fa-phone&#8221; css_animation=&#8221;flipInY&#8221; add_icon=&#8221;true&#8221; css=&#8221;.vc_custom_1661544630769{margin-top: 30px !important;margin-left: 110px !important;padding-bottom: 50px !important;}&#8221;][\/vc_column][vc_column css_animation=&#8221;fadeInRight&#8221; width=&#8221;1\/2&#8243;][vc_images_carousel images=&#8221;490,491&#8243; img_size=&#8221;full&#8221; onclick=&#8221;link_no&#8221; autoplay=&#8221;yes&#8221;][\/vc_column][\/vc_row][vc_row content_placement=&#8221;top&#8221; use_container=&#8221;yes&#8221; css=&#8221;.vc_custom_1661831039528{margin-top: -100px !important;}&#8221; el_id=&#8221;origenes&#8221;][vc_column el_id=&#8221;origenes&#8221;][vc_single_image image=&#8221;329&#8243; img_size=&#8221;full&#8221; alignment=&#8221;center&#8221;][ts_section_title animate_block=&#8221;yes&#8221; animation_type=&#8221;fadeIn&#8221; tagline=&#8221;Remedios herbolarios&#8221; title=&#8221;NUESTROS PRODUCTOS&#8221;][vc_row_inner][vc_column_inner width=&#8221;1\/2&#8243;][vc_single_image image=&#8221;331&#8243; img_size=&#8221;full&#8221; alignment=&#8221;center&#8221;][\/vc_column_inner][vc_column_inner width=&#8221;1\/2&#8243;][vc_single_image image=&#8221;330&#8243; img_size=&#8221;full&#8221; alignment=&#8221;center&#8221;][\/vc_column_inner][\/vc_row_inner][\/vc_column][\/vc_row][vc_row use_container=&#8221;yes&#8221; css=&#8221;.vc_custom_1661831055008{margin-top: -100px !important;}&#8221; el_id=&#8221;contacto&#8221;][vc_column width=&#8221;1\/2&#8243; el_id=&#8221;contacto&#8221;]<div role=\"form\" class=\"wpcf7\" id=\"wpcf7-f5-o1\" lang=\"en-US\" dir=\"ltr\">\n<div class=\"screen-reader-response\"><p role=\"status\" aria-live=\"polite\" aria-atomic=\"true\"><\/p> <ul><\/ul><\/div>\n<form action=\"\/index.php\/wp-json\/wp\/v2\/pages\/9#wpcf7-f5-o1\" method=\"post\" class=\"wpcf7-form init\" novalidate=\"novalidate\" data-status=\"init\">\n<div style=\"display: none;\">\n<input type=\"hidden\" name=\"_wpcf7\" value=\"5\" \/>\n<input type=\"hidden\" name=\"_wpcf7_version\" value=\"5.6.2\" \/>\n<input type=\"hidden\" name=\"_wpcf7_locale\" value=\"en_US\" \/>\n<input type=\"hidden\" name=\"_wpcf7_unit_tag\" value=\"wpcf7-f5-o1\" \/>\n<input type=\"hidden\" name=\"_wpcf7_container_post\" value=\"0\" \/>\n<input type=\"hidden\" name=\"_wpcf7_posted_data_hash\" value=\"\" \/>\n<input type=\"hidden\" name=\"_wpcf7_recaptcha_response\" value=\"\" \/>\n<\/div>\n<p><label> NOMBRE<br \/>\n    <span class=\"wpcf7-form-control-wrap\" data-name=\"your-name\"><input type=\"text\" name=\"your-name\" value=\"\" size=\"40\" class=\"wpcf7-form-control wpcf7-text wpcf7-validates-as-required\" aria-required=\"true\" aria-invalid=\"false\" \/><\/span> <\/label><br \/>\n<label> TEL\u00c9FONO<br \/>\n<span class=\"wpcf7-form-control-wrap\" data-name=\"tel-652\"><input type=\"tel\" name=\"tel-652\" value=\"\" size=\"40\" class=\"wpcf7-form-control wpcf7-text wpcf7-tel wpcf7-validates-as-required wpcf7-validates-as-tel\" aria-required=\"true\" aria-invalid=\"false\" \/><\/span><\/label><br \/>\n<label> MAIL<br \/>\n    <span class=\"wpcf7-form-control-wrap\" data-name=\"your-email\"><input type=\"email\" name=\"your-email\" value=\"\" size=\"40\" class=\"wpcf7-form-control wpcf7-text wpcf7-email wpcf7-validates-as-required wpcf7-validates-as-email\" aria-required=\"true\" aria-invalid=\"false\" \/><\/span> <\/label><br \/>\n<label> EMPRESA<br \/>\n    <span class=\"wpcf7-form-control-wrap\" data-name=\"your-subject\"><input type=\"text\" name=\"your-subject\" value=\"\" size=\"40\" class=\"wpcf7-form-control wpcf7-text wpcf7-validates-as-required\" aria-required=\"true\" aria-invalid=\"false\" \/><\/span> <\/label><br \/>\n<label> MENSAJE<br \/>\n    <span class=\"wpcf7-form-control-wrap\" data-name=\"your-message\"><textarea name=\"your-message\" cols=\"40\" rows=\"10\" class=\"wpcf7-form-control wpcf7-textarea\" aria-invalid=\"false\"><\/textarea><\/span> <\/label><\/p>\n<p><input type=\"submit\" value=\"Submit\" class=\"wpcf7-form-control has-spinner wpcf7-submit\" \/><\/p>\n<div class=\"wpcf7-response-output\" aria-hidden=\"true\"><\/div><\/form><\/div>[\/vc_column][vc_column width=&#8221;1\/2&#8243; css=&#8221;.vc_custom_1661545317716{padding-top: 30px !important;}&#8221;][ts_section_title animate_block=&#8221;yes&#8221; animation_type=&#8221;fadeIn&#8221; tagline=&#8221;Empecemos a trabajar juntos.&#8221; title=&#8221;CONTACTO&#8221;][vc_single_image image=&#8221;469&#8243; img_size=&#8221;full&#8221; alignment=&#8221;center&#8221;][\/vc_column][\/vc_row]<\/p>\n","protected":false},"excerpt":{"rendered":"<p>[vc_row full_width=&#8221;stretch_row_content_no_spaces&#8221; full_height=&#8221;yes&#8221; columns_placement=&#8221;stretch&#8221; content_placement=&#8221;top&#8221; parallax=&#8221;content-moving&#8221; parallax_image=&#8221;460&#8243; parallax_speed_bg=&#8221;1&#8243; css_animation=&#8221;fadeIn&#8221; anchor_wrap_section=&#8221;no&#8221; css=&#8221;.vc_custom_1661544482107{margin-right: 0px !important;margin-left: 0px !important;}&#8221;][vc_column css=&#8221;.vc_custom_1596713854007{padding-right: 0px !important;padding-left: 0px !important;}&#8221;][\/vc_column][\/vc_row][vc_row full_width=&#8221;stretch_row_content_no_spaces&#8221; anchor_wrap_section=&#8221;no&#8221; el_id=&#8221;nosotros&#8221;][vc_column css_animation=&#8221;fadeInLeft&#8221; width=&#8221;1\/2&#8243;][vc_empty_space height=&#8221;50px&#8221;][ts_icon_content_list animate_block=&#8221;yes&#8221; animation_type=&#8221;fadeIn&#8221; icon=&#8221;474&#8243; text_content=&#8221; Interface Sketches Illustrations Shapes &amp; vectors Figma map sources Photoshop files &#8221; animation_delay=&#8221;0.2s&#8221;] 01 &#8211; Misi\u00f3n Somos una Empresa que ofrece servicios de calidad, con [&hellip;]<\/p>\n","protected":false},"author":1,"featured_media":0,"parent":0,"menu_order":0,"comment_status":"closed","ping_status":"closed","template":"page-builder.php","meta":{"footnotes":""},"class_list":["post-9","page","type-page","status-publish","hentry"],"acf":[],"_links":{"self":[{"href":"https:\/\/grupomjanal.com\/index.php\/wp-json\/wp\/v2\/pages\/9","targetHints":{"allow":["GET"]}}],"collection":[{"href":"https:\/\/grupomjanal.com\/index.php\/wp-json\/wp\/v2\/pages"}],"about":[{"href":"https:\/\/grupomjanal.com\/index.php\/wp-json\/wp\/v2\/types\/page"}],"author":[{"embeddable":true,"href":"https:\/\/grupomjanal.com\/index.php\/wp-json\/wp\/v2\/users\/1"}],"replies":[{"embeddable":true,"href":"https:\/\/grupomjanal.com\/index.php\/wp-json\/wp\/v2\/comments?post=9"}],"version-history":[{"count":76,"href":"https:\/\/grupomjanal.com\/index.php\/wp-json\/wp\/v2\/pages\/9\/revisions"}],"predecessor-version":[{"id":492,"href":"https:\/\/grupomjanal.com\/index.php\/wp-json\/wp\/v2\/pages\/9\/revisions\/492"}],"wp:attachment":[{"href":"https:\/\/grupomjanal.com\/index.php\/wp-json\/wp\/v2\/media?parent=9"}],"curies":[{"name":"wp","href":"https:\/\/api.w.org\/{rel}","templated":true}]}}